{"id":10,"date":"2014-10-29T23:50:48","date_gmt":"2014-10-29T21:50:48","guid":{"rendered":"http:\/\/www.mastercontrolprogramm.de\/?page_id=10"},"modified":"2014-10-29T23:56:29","modified_gmt":"2014-10-29T21:56:29","slug":"novelle","status":"publish","type":"page","link":"https:\/\/www.mastercontrolprogramm.de\/?page_id=10","title":{"rendered":"Novelle"},"content":{"rendered":"<p>Hier sind verschiedene gr\u00f6\u00dfere Geschichten versammelt, die einen normalen Blogeintrag schlicht sprengen w\u00fcrden.<\/p>\n","protected":false},"excerpt":{"rendered":"<p>Hier sind verschiedene gr\u00f6\u00dfere Geschichten versammelt, die einen normalen Blogeintrag schlicht sprengen w\u00fcrden.<\/p>\n","protected":false},"author":1,"featured_media":0,"parent":0,"menu_order":2,"comment_status":"open","ping_status":"open","template":"","meta":{"footnotes":""},"class_list":["post-10","page","type-page","status-publish","hentry"],"_links":{"self":[{"href":"https:\/\/www.mastercontrolprogramm.de\/index.php?rest_route=\/wp\/v2\/pages\/10","targetHints":{"allow":["GET"]}}],"collection":[{"href":"https:\/\/www.mastercontrolprogramm.de\/index.php?rest_route=\/wp\/v2\/pages"}],"about":[{"href":"https:\/\/www.mastercontrolprogramm.de\/index.php?rest_route=\/wp\/v2\/types\/page"}],"author":[{"embeddable":true,"href":"https:\/\/www.mastercontrolprogramm.de\/index.php?rest_route=\/wp\/v2\/users\/1"}],"replies":[{"embeddable":true,"href":"https:\/\/www.mastercontrolprogramm.de\/index.php?rest_route=%2Fwp%2Fv2%2Fcomments&post=10"}],"version-history":[{"count":1,"href":"https:\/\/www.mastercontrolprogramm.de\/index.php?rest_route=\/wp\/v2\/pages\/10\/revisions"}],"predecessor-version":[{"id":11,"href":"https:\/\/www.mastercontrolprogramm.de\/index.php?rest_route=\/wp\/v2\/pages\/10\/revisions\/11"}],"wp:attachment":[{"href":"https:\/\/www.mastercontrolprogramm.de\/index.php?rest_route=%2Fwp%2Fv2%2Fmedia&parent=10"}],"curies":[{"name":"wp","href":"https:\/\/api.w.org\/{rel}","templated":true}]}}